{"id":1557,"date":"2021-06-10T11:11:49","date_gmt":"2021-06-10T09:11:49","guid":{"rendered":"https:\/\/jip21.com\/siteI\/?page_id=1557"},"modified":"2021-06-10T11:11:50","modified_gmt":"2021-06-10T09:11:50","slug":"contact","status":"publish","type":"page","link":"https:\/\/www.ixemer.com\/en\/contact\/","title":{"rendered":"Contact"},"content":{"rendered":"\n<div id=\"contact\">\n\n    <h1><a href=\"\">Contact<\/a><\/h1>\n\n    <div>\n\n        <div id=\"nous_retrouver\">\n\n\n\n            <iframe loading=\"lazy\" src=\"https:\/\/www.google.com\/maps\/embed?pb=!1m18!1m12!1m3!1d354471.045015108!2d5.1856115912947045!3d46.04501354015723!2m3!1f0!2f0!3f0!3m2!1i1024!2i768!4f13.1!3m3!1m2!1s0x478ced7cd4642b07%3A0x6caedf50de1be007!2sJeantet%20Elastomeres!5e0!3m2!1sfr!2sfr!4v1595428105023!5m2!1sfr!2sfr\" width=\"600\" height=\"560\" frameborder=\"0\" style=\"border:0;\" allowfullscreen=\"\" aria-hidden=\"false\" tabindex=\"0\"><\/iframe>\n\n            <p>6 Rue des Faubourg des Moulins, <br>39200 SAINT-CLAUDE<\/p>\n            <br><p>1h30 from Lyon and 1h from Geneva<\/p>\n\n        <\/div>\n\n        <div id=\"formulaire\">\n\n            <form action=\".\/\" method=\"post\">\n\n                <label>Surname name*<\/label>\n<input required=\"required\" type=\"txt\" name=\"nom\" placeholder=\"Ex: Dupont Martin\" required=\"required\">\n<label class=\"toMargin\">E-mail*<\/label><input required=\"required\" type=\"e-mail\" name=\"email\" placeholder=\"Ex: Dupont@gmail.com\" required=\"required\">\n<label class=\"toMargin\">Company<\/label><input type=\"txt\" name=\"societe\" placeholder=\"Ex: Jeantet\" required=\"required\">\n<label class=\"toMargin\">Subject*<\/label><input required=\"required\" type=\"txt\" name=\"sujet\" placeholder=\"Ex: Joint tubulaire\" required=\"required\">\n<label class=\"toMargin\">Message*<\/label><textarea name=\"message\" placeholder=\"Votre message :\" rows=\"6\" required=\"required\"><\/textarea><div id=\"valid\" required=\"required\">\n\n                    <p>E-mail : <br><a href=\"mailto:jeantet@jeantet.com\">jeantet@jeantet.com<\/a><\/p>\n\n                    <input type=\"submit\" name=\"valider\" id=\"submit\" value=\"Submit\">\n<\/div>\n            <\/form>\n\n        <\/div>\n","protected":false},"excerpt":{"rendered":"<p>Contact 6 Rue des Faubourg des Moulins, 39200 SAINT-CLAUDE 1h30 from Lyon and 1h from Geneva Surname name* E-mail* Company Subject* Message* E-mail : jeantet@jeantet.com<\/p>\n","protected":false},"author":1,"featured_media":0,"parent":0,"menu_order":0,"comment_status":"closed","ping_status":"closed","template":"","meta":[],"yoast_head":"<!-- This site is optimized with the Yoast SEO plugin v21.1 - https:\/\/yoast.com\/wordpress\/plugins\/seo\/ -->\n<title>Contact - Ixemer Multi Injection<\/title>\n<meta name=\"robots\" content=\"index, follow, max-snippet:-1, max-image-preview:large, max-video-preview:-1\" \/>\n<link rel=\"canonical\" href=\"https:\/\/www.ixemer.com\/en\/contact\/\" \/>\n<meta property=\"og:locale\" content=\"en_US\" \/>\n<meta property=\"og:type\" content=\"article\" \/>\n<meta property=\"og:title\" content=\"Contact - Ixemer Multi Injection\" \/>\n<meta property=\"og:description\" content=\"Contact 6 Rue des Faubourg des Moulins, 39200 SAINT-CLAUDE 1h30 from Lyon and 1h from Geneva Surname name* E-mail* Company Subject* Message* E-mail : jeantet@jeantet.com\" \/>\n<meta property=\"og:url\" content=\"https:\/\/www.ixemer.com\/en\/contact\/\" \/>\n<meta property=\"og:site_name\" content=\"Ixemer Multi Injection\" \/>\n<meta property=\"article:publisher\" content=\"https:\/\/www.facebook.com\/JeantetElastomeres\/\" \/>\n<meta property=\"article:modified_time\" content=\"2021-06-10T09:11:50+00:00\" \/>\n<meta name=\"twitter:card\" content=\"summary_large_image\" \/>\n<meta name=\"twitter:label1\" content=\"Est. reading time\" \/>\n\t<meta name=\"twitter:data1\" content=\"1 minute\" \/>\n<script type=\"application\/ld+json\" class=\"yoast-schema-graph\">{\"@context\":\"https:\/\/schema.org\",\"@graph\":[{\"@type\":\"WebPage\",\"@id\":\"https:\/\/www.ixemer.com\/en\/contact\/\",\"url\":\"https:\/\/www.ixemer.com\/en\/contact\/\",\"name\":\"Contact - Ixemer Multi Injection\",\"isPartOf\":{\"@id\":\"https:\/\/www.ixemer.com\/#website\"},\"datePublished\":\"2021-06-10T09:11:49+00:00\",\"dateModified\":\"2021-06-10T09:11:50+00:00\",\"breadcrumb\":{\"@id\":\"https:\/\/www.ixemer.com\/en\/contact\/#breadcrumb\"},\"inLanguage\":\"en-US\",\"potentialAction\":[{\"@type\":\"ReadAction\",\"target\":[\"https:\/\/www.ixemer.com\/en\/contact\/\"]}]},{\"@type\":\"BreadcrumbList\",\"@id\":\"https:\/\/www.ixemer.com\/en\/contact\/#breadcrumb\",\"itemListElement\":[{\"@type\":\"ListItem\",\"position\":1,\"name\":\"Accueil\",\"item\":\"https:\/\/www.ixemer.com\/\"},{\"@type\":\"ListItem\",\"position\":2,\"name\":\"Contact\"}]},{\"@type\":\"WebSite\",\"@id\":\"https:\/\/www.ixemer.com\/#website\",\"url\":\"https:\/\/www.ixemer.com\/\",\"name\":\"Ixemer Multi Injection\",\"description\":\"Un groupe pour la ma\u00eetrise des \u00e9lastom\u00e8res\",\"potentialAction\":[{\"@type\":\"SearchAction\",\"target\":{\"@type\":\"EntryPoint\",\"urlTemplate\":\"https:\/\/www.ixemer.com\/?s={search_term_string}\"},\"query-input\":\"required name=search_term_string\"}],\"inLanguage\":\"en-US\"}]}<\/script>\n<!-- \/ Yoast SEO plugin. -->","yoast_head_json":{"title":"Contact - Ixemer Multi Injection","robots":{"index":"index","follow":"follow","max-snippet":"max-snippet:-1","max-image-preview":"max-image-preview:large","max-video-preview":"max-video-preview:-1"},"canonical":"https:\/\/www.ixemer.com\/en\/contact\/","og_locale":"en_US","og_type":"article","og_title":"Contact - Ixemer Multi Injection","og_description":"Contact 6 Rue des Faubourg des Moulins, 39200 SAINT-CLAUDE 1h30 from Lyon and 1h from Geneva Surname name* E-mail* Company Subject* Message* E-mail : jeantet@jeantet.com","og_url":"https:\/\/www.ixemer.com\/en\/contact\/","og_site_name":"Ixemer Multi Injection","article_publisher":"https:\/\/www.facebook.com\/JeantetElastomeres\/","article_modified_time":"2021-06-10T09:11:50+00:00","twitter_card":"summary_large_image","twitter_misc":{"Est. reading time":"1 minute"},"schema":{"@context":"https:\/\/schema.org","@graph":[{"@type":"WebPage","@id":"https:\/\/www.ixemer.com\/en\/contact\/","url":"https:\/\/www.ixemer.com\/en\/contact\/","name":"Contact - Ixemer Multi Injection","isPartOf":{"@id":"https:\/\/www.ixemer.com\/#website"},"datePublished":"2021-06-10T09:11:49+00:00","dateModified":"2021-06-10T09:11:50+00:00","breadcrumb":{"@id":"https:\/\/www.ixemer.com\/en\/contact\/#breadcrumb"},"inLanguage":"en-US","potentialAction":[{"@type":"ReadAction","target":["https:\/\/www.ixemer.com\/en\/contact\/"]}]},{"@type":"BreadcrumbList","@id":"https:\/\/www.ixemer.com\/en\/contact\/#breadcrumb","itemListElement":[{"@type":"ListItem","position":1,"name":"Accueil","item":"https:\/\/www.ixemer.com\/"},{"@type":"ListItem","position":2,"name":"Contact"}]},{"@type":"WebSite","@id":"https:\/\/www.ixemer.com\/#website","url":"https:\/\/www.ixemer.com\/","name":"Ixemer Multi Injection","description":"Un groupe pour la ma\u00eetrise des \u00e9lastom\u00e8res","potentialAction":[{"@type":"SearchAction","target":{"@type":"EntryPoint","urlTemplate":"https:\/\/www.ixemer.com\/?s={search_term_string}"},"query-input":"required name=search_term_string"}],"inLanguage":"en-US"}]}},"_links":{"self":[{"href":"https:\/\/www.ixemer.com\/en\/wp-json\/wp\/v2\/pages\/1557"}],"collection":[{"href":"https:\/\/www.ixemer.com\/en\/wp-json\/wp\/v2\/pages"}],"about":[{"href":"https:\/\/www.ixemer.com\/en\/wp-json\/wp\/v2\/types\/page"}],"author":[{"embeddable":true,"href":"https:\/\/www.ixemer.com\/en\/wp-json\/wp\/v2\/users\/1"}],"replies":[{"embeddable":true,"href":"https:\/\/www.ixemer.com\/en\/wp-json\/wp\/v2\/comments?post=1557"}],"version-history":[{"count":1,"href":"https:\/\/www.ixemer.com\/en\/wp-json\/wp\/v2\/pages\/1557\/revisions"}],"predecessor-version":[{"id":1558,"href":"https:\/\/www.ixemer.com\/en\/wp-json\/wp\/v2\/pages\/1557\/revisions\/1558"}],"wp:attachment":[{"href":"https:\/\/www.ixemer.com\/en\/wp-json\/wp\/v2\/media?parent=1557"}],"curies":[{"name":"wp","href":"https:\/\/api.w.org\/{rel}","templated":true}]}}